{"id":4439,"date":"2021-10-12T16:27:24","date_gmt":"2021-10-12T16:27:24","guid":{"rendered":"http:\/\/dummy.xtemos.com\/woodmart2\/elementor\/?page_id=4439"},"modified":"2024-11-20T18:20:29","modified_gmt":"2024-11-20T18:20:29","slug":"contact-us","status":"publish","type":"page","link":"https:\/\/ancestraveltours.com\/index.php\/contact-us\/","title":{"rendered":"Contacto"},"content":{"rendered":"\t\t<div data-elementor-type=\"wp-page\" data-elementor-id=\"4439\" class=\"elementor elementor-4439\" data-elementor-post-type=\"page\">\n\t\t\t\t<div class=\"elementor-element elementor-element-6932f121 wd-section-stretch-content e-con-full e-flex e-con e-parent\" data-id=\"6932f121\" data-element_type=\"container\" data-settings=\"{&quot;background_background&quot;:&quot;classic&quot;}\">\n\t\t<div class=\"elementor-element elementor-element-560642c2 e-flex e-con-boxed e-con e-child\" data-id=\"560642c2\" data-element_type=\"container\">\n\t\t\t\t\t<div class=\"e-con-inner\">\n\t\t\t\t<div class=\"elementor-element elementor-element-2e8343d0 elementor-widget elementor-widget-heading\" data-id=\"2e8343d0\" data-element_type=\"widget\" data-widget_type=\"heading.default\">\n\t\t\t\t<div class=\"elementor-widget-container\">\n\t\t\t<h2 class=\"elementor-heading-title elementor-size-default\">CONTACTO<\/h2>\t\t<\/div>\n\t\t\t\t<\/div>\n\t\t\t\t\t<\/div>\n\t\t\t\t<\/div>\n\t\t\t\t<\/div>\n\t\t<div class=\"elementor-element elementor-element-0a013c2 wd-section-stretch-content e-flex e-con-boxed e-con e-parent\" data-id=\"0a013c2\" data-element_type=\"container\">\n\t\t\t\t\t<div class=\"e-con-inner\">\n\t\t<div class=\"elementor-element elementor-element-5aba0f8 e-con-full e-flex e-con e-child\" data-id=\"5aba0f8\" data-element_type=\"container\">\n\t\t\t\t<div class=\"elementor-element elementor-element-437fbc3 wd-width-100 elementor-widget elementor-widget-wd_title\" data-id=\"437fbc3\" data-element_type=\"widget\" data-widget_type=\"wd_title.default\">\n\t\t\t\t<div class=\"elementor-widget-container\">\n\t\t\t\t\t<div class=\"title-wrapper set-mb-s reset-last-child wd-title-color-default wd-title-style-default wd-title-size-default text-left\">\n\n\t\t\t\t\t\t\t<div class=\"title-subtitle subtitle-color-default subtitle-style-default wd-fontsize-xs\">\n\t\t\t\t\tVive una experiencia inolvidable en las maravillas de Per\u00fa.\t\t\t\t<\/div>\n\t\t\t\n\t\t\t<div class=\"liner-continer\">\n\t\t\t\t<h4 class=\"woodmart-title-container title wd-fontsize-l\">\u00a1Bienvenidos a Ances Travel Tours!<\/h4> \n\t\t\t\t\t\t\t<\/div>\n\n\t\t\t\t\t\t\t<div class=\"title-after_title set-cont-mb-s reset-last-child wd-fontsize-xs\">\n\t\t\t\t\t<p>En <strong>Ances Travel Tours<\/strong>, te invitamos a comenzar una aventura llena de posibilidades. Descubre lo mejor de Per\u00fa y ll\u00e9vate recuerdos inolvidables. Cont\u00e1ctanos para recibir la mejor asesor\u00eda y planificar un viaje \u00fanico, donde explorar\u00e1s los tesoros m\u00e1s emblem\u00e1ticos del pa\u00eds. \u00a1Tu experiencia perfecta comienza con nosotros!<\/p>\t\t\t\t<\/div>\n\t\t\t\t\t<\/div>\n\t\t\t\t<\/div>\n\t\t\t\t<\/div>\n\t\t\t\t<div class=\"elementor-element elementor-element-fa91bae elementor-widget elementor-widget-image\" data-id=\"fa91bae\" data-element_type=\"widget\" data-widget_type=\"image.default\">\n\t\t\t\t<div class=\"elementor-widget-container\">\n\t\t\t\t\t\t\t\t\t\t\t\t\t<img fetchpriority=\"high\" decoding=\"async\" width=\"1200\" height=\"800\" src=\"https:\/\/ancestraveltours.com\/wp-content\/uploads\/2024\/11\/imagen_2024-11-20_124819415-1200x800.png\" class=\"attachment-large size-large wp-image-21979\" alt=\"\" srcset=\"https:\/\/ancestraveltours.com\/wp-content\/uploads\/2024\/11\/imagen_2024-11-20_124819415-1200x800.png 1200w, https:\/\/ancestraveltours.com\/wp-content\/uploads\/2024\/11\/imagen_2024-11-20_124819415-400x267.png 400w, https:\/\/ancestraveltours.com\/wp-content\/uploads\/2024\/11\/imagen_2024-11-20_124819415-768x512.png 768w, https:\/\/ancestraveltours.com\/wp-content\/uploads\/2024\/11\/imagen_2024-11-20_124819415-430x287.png 430w, https:\/\/ancestraveltours.com\/wp-content\/uploads\/2024\/11\/imagen_2024-11-20_124819415-700x467.png 700w, https:\/\/ancestraveltours.com\/wp-content\/uploads\/2024\/11\/imagen_2024-11-20_124819415-150x100.png 150w, https:\/\/ancestraveltours.com\/wp-content\/uploads\/2024\/11\/imagen_2024-11-20_124819415.png 1380w\" sizes=\"(max-width: 1200px) 100vw, 1200px\" \/>\t\t\t\t\t\t\t\t\t\t\t\t\t<\/div>\n\t\t\t\t<\/div>\n\t\t\t\t<\/div>\n\t\t<div class=\"elementor-element elementor-element-c479497 e-con-full e-flex e-con e-child\" data-id=\"c479497\" data-element_type=\"container\">\n\t\t\t\t<div class=\"elementor-element elementor-element-83a5c3b elementor-widget elementor-widget-wpforms\" data-id=\"83a5c3b\" data-element_type=\"widget\" data-widget_type=\"wpforms.default\">\n\t\t\t\t<div class=\"elementor-widget-container\">\n\t\t\t<style id=\"wpforms-css-vars-root\">\n\t\t\t\t:root {\n\t\t\t\t\t--wpforms-field-border-radius: 3px;\n--wpforms-field-border-style: solid;\n--wpforms-field-border-size: 1px;\n--wpforms-field-background-color: #ffffff;\n--wpforms-field-border-color: rgba( 0, 0, 0, 0.25 );\n--wpforms-field-border-color-spare: rgba( 0, 0, 0, 0.25 );\n--wpforms-field-text-color: rgba( 0, 0, 0, 0.7 );\n--wpforms-field-menu-color: #ffffff;\n--wpforms-label-color: rgba( 0, 0, 0, 0.85 );\n--wpforms-label-sublabel-color: rgba( 0, 0, 0, 0.55 );\n--wpforms-label-error-color: #d63637;\n--wpforms-button-border-radius: 3px;\n--wpforms-button-border-style: none;\n--wpforms-button-border-size: 1px;\n--wpforms-button-background-color: #066aab;\n--wpforms-button-border-color: #066aab;\n--wpforms-button-text-color: #ffffff;\n--wpforms-page-break-color: #066aab;\n--wpforms-background-image: none;\n--wpforms-background-position: center center;\n--wpforms-background-repeat: no-repeat;\n--wpforms-background-size: cover;\n--wpforms-background-width: 100px;\n--wpforms-background-height: 100px;\n--wpforms-background-color: rgba( 0, 0, 0, 0 );\n--wpforms-background-url: none;\n--wpforms-container-padding: 0px;\n--wpforms-container-border-style: none;\n--wpforms-container-border-width: 1px;\n--wpforms-container-border-color: #000000;\n--wpforms-container-border-radius: 3px;\n--wpforms-field-size-input-height: 43px;\n--wpforms-field-size-input-spacing: 15px;\n--wpforms-field-size-font-size: 16px;\n--wpforms-field-size-line-height: 19px;\n--wpforms-field-size-padding-h: 14px;\n--wpforms-field-size-checkbox-size: 16px;\n--wpforms-field-size-sublabel-spacing: 5px;\n--wpforms-field-size-icon-size: 1;\n--wpforms-label-size-font-size: 16px;\n--wpforms-label-size-line-height: 19px;\n--wpforms-label-size-sublabel-font-size: 14px;\n--wpforms-label-size-sublabel-line-height: 17px;\n--wpforms-button-size-font-size: 17px;\n--wpforms-button-size-height: 41px;\n--wpforms-button-size-padding-h: 15px;\n--wpforms-button-size-margin-top: 10px;\n--wpforms-container-shadow-size-box-shadow: none;\n\n\t\t\t\t}\n\t\t\t<\/style><style id=\"wpforms-css-vars-elementor-widget-83a5c3b\">\n\t\t\t\t.elementor-widget-wpforms.elementor-element-83a5c3b {\n\t\t\t\t\t--wpforms-button-border-radius: 0px;\n--wpforms-button-background-color: #00B6DB;\n--wpforms-field-size-input-height: 43px;\n--wpforms-field-size-input-spacing: 15px;\n--wpforms-field-size-font-size: 16px;\n--wpforms-field-size-line-height: 19px;\n--wpforms-field-size-padding-h: 14px;\n--wpforms-field-size-checkbox-size: 16px;\n--wpforms-field-size-sublabel-spacing: 5px;\n--wpforms-field-size-icon-size: 1;\n--wpforms-label-size-font-size: 16px;\n--wpforms-label-size-line-height: 19px;\n--wpforms-label-size-sublabel-font-size: 14px;\n--wpforms-label-size-sublabel-line-height: 17px;\n--wpforms-button-size-font-size: 14px;\n--wpforms-button-size-height: 37px;\n--wpforms-button-size-padding-h: 15px;\n--wpforms-button-size-margin-top: 5px;\n\n\t\t\t\t}\n\t\t\t<\/style><div class=\"wpforms-container wpforms-container-full wpforms-render-modern\" id=\"wpforms-21409\"><form id=\"wpforms-form-21409\" class=\"wpforms-validate wpforms-form wpforms-ajax-form\" data-formid=\"21409\" method=\"post\" enctype=\"multipart\/form-data\" action=\"\/index.php\/wp-json\/wp\/v2\/pages\/4439\" data-token=\"233db32a3e754ba5ca12a781b449fc5d\" data-token-time=\"1776967046\"><noscript class=\"wpforms-error-noscript\">Por favor, activa JavaScript en tu navegador para completar este formulario.<\/noscript><div class=\"wpforms-hidden\" id=\"wpforms-error-noscript\">Por favor, activa JavaScript en tu navegador para completar este formulario.<\/div><div class=\"wpforms-field-container\"><div id=\"wpforms-21409-field_1-container\" class=\"wpforms-field wpforms-field-name\" data-field-id=\"1\"><fieldset><legend class=\"wpforms-field-label\">Nombre <span class=\"wpforms-required-label\" aria-hidden=\"true\">*<\/span><\/legend><div class=\"wpforms-field-row wpforms-field-large\"><div class=\"wpforms-field-row-block wpforms-first wpforms-one-half\"><input type=\"text\" id=\"wpforms-21409-field_1\" class=\"wpforms-field-name-first wpforms-field-required\" name=\"wpforms[fields][1][first]\" aria-errormessage=\"wpforms-21409-field_1-error\" required><label for=\"wpforms-21409-field_1\" class=\"wpforms-field-sublabel after\">Nombre<\/label><\/div><div class=\"wpforms-field-row-block wpforms-one-half\"><input type=\"text\" id=\"wpforms-21409-field_1-last\" class=\"wpforms-field-name-last wpforms-field-required\" name=\"wpforms[fields][1][last]\" aria-errormessage=\"wpforms-21409-field_1-last-error\" required><label for=\"wpforms-21409-field_1-last\" class=\"wpforms-field-sublabel after\">Apellidos<\/label><\/div><\/div><\/fieldset><\/div><div id=\"wpforms-21409-field_4-container\" class=\"wpforms-field wpforms-field-number\" data-field-id=\"4\"><label class=\"wpforms-field-label\" for=\"wpforms-21409-field_4\">Tel\u00e9fono  <span class=\"wpforms-required-label\" aria-hidden=\"true\">*<\/span><\/label><input type=\"number\" id=\"wpforms-21409-field_4\" class=\"wpforms-field-large wpforms-field-required\" name=\"wpforms[fields][4]\" aria-errormessage=\"wpforms-21409-field_4-error\" required><\/div><div id=\"wpforms-21409-field_2-container\" class=\"wpforms-field wpforms-field-email\" data-field-id=\"2\"><label class=\"wpforms-field-label\" for=\"wpforms-21409-field_2\">Correo electr\u00f3nico <span class=\"wpforms-required-label\" aria-hidden=\"true\">*<\/span><\/label><input type=\"email\" id=\"wpforms-21409-field_2\" class=\"wpforms-field-large wpforms-field-required\" name=\"wpforms[fields][2]\" spellcheck=\"false\" aria-errormessage=\"wpforms-21409-field_2-error\" required><\/div><div id=\"wpforms-21409-field_3-container\" class=\"wpforms-field wpforms-field-textarea\" data-field-id=\"3\"><label class=\"wpforms-field-label\" for=\"wpforms-21409-field_3\">Comentario o mensaje<\/label><textarea id=\"wpforms-21409-field_3\" class=\"wpforms-field-medium\" name=\"wpforms[fields][3]\" aria-errormessage=\"wpforms-21409-field_3-error\" ><\/textarea><\/div><\/div><!-- .wpforms-field-container --><div class=\"wpforms-submit-container\" ><input type=\"hidden\" name=\"wpforms[id]\" value=\"21409\"><input type=\"hidden\" name=\"page_title\" value=\"\"><input type=\"hidden\" name=\"page_url\" value=\"https:\/\/ancestraveltours.com\/index.php\/wp-json\/wp\/v2\/pages\/4439\"><button type=\"submit\" name=\"wpforms[submit]\" id=\"wpforms-submit-21409\" class=\"wpforms-submit\" data-alt-text=\"Enviando...\" data-submit-text=\"Enviar Mensaje\" aria-live=\"assertive\" value=\"wpforms-submit\">Enviar Mensaje<\/button><img decoding=\"async\" src=\"https:\/\/ancestraveltours.com\/wp-content\/plugins\/wpforms-lite\/assets\/images\/submit-spin.svg\" class=\"wpforms-submit-spinner\" style=\"display: none;\" width=\"26\" height=\"26\" alt=\"Cargando\"><\/div><\/form><\/div>  <!-- .wpforms-container -->\t\t<\/div>\n\t\t\t\t<\/div>\n\t\t\t\t<\/div>\n\t\t\t\t\t<\/div>\n\t\t\t\t<\/div>\n\t\t\t\t<\/div>\n\t\t","protected":false},"excerpt":{"rendered":"<p>CONTACTO Vive una experiencia inolvidable en las maravillas de Per\u00fa. \u00a1Bienvenidos a Ances Travel Tours! En Ances Travel Tours, te<\/p>\n","protected":false},"author":1,"featured_media":0,"parent":0,"menu_order":0,"comment_status":"closed","ping_status":"closed","template":"","meta":{"footnotes":""},"class_list":["post-4439","page","type-page","status-publish","hentry"],"_links":{"self":[{"href":"https:\/\/ancestraveltours.com\/index.php\/wp-json\/wp\/v2\/pages\/4439","targetHints":{"allow":["GET"]}}],"collection":[{"href":"https:\/\/ancestraveltours.com\/index.php\/wp-json\/wp\/v2\/pages"}],"about":[{"href":"https:\/\/ancestraveltours.com\/index.php\/wp-json\/wp\/v2\/types\/page"}],"author":[{"embeddable":true,"href":"https:\/\/ancestraveltours.com\/index.php\/wp-json\/wp\/v2\/users\/1"}],"replies":[{"embeddable":true,"href":"https:\/\/ancestraveltours.com\/index.php\/wp-json\/wp\/v2\/comments?post=4439"}],"version-history":[{"count":16,"href":"https:\/\/ancestraveltours.com\/index.php\/wp-json\/wp\/v2\/pages\/4439\/revisions"}],"predecessor-version":[{"id":22011,"href":"https:\/\/ancestraveltours.com\/index.php\/wp-json\/wp\/v2\/pages\/4439\/revisions\/22011"}],"wp:attachment":[{"href":"https:\/\/ancestraveltours.com\/index.php\/wp-json\/wp\/v2\/media?parent=4439"}],"curies":[{"name":"wp","href":"https:\/\/api.w.org\/{rel}","templated":true}]}}