{"id":22000,"date":"2024-11-20T18:15:54","date_gmt":"2024-11-20T18:15:54","guid":{"rendered":"https:\/\/ancestraveltours.com\/?page_id=22000"},"modified":"2024-11-20T18:18:04","modified_gmt":"2024-11-20T18:18:04","slug":"terminos-y-condiciones","status":"publish","type":"page","link":"https:\/\/ancestraveltours.com\/index.php\/terminos-y-condiciones\/","title":{"rendered":"T\u00e9rminos y condiciones"},"content":{"rendered":"\t\t<div data-elementor-type=\"wp-page\" data-elementor-id=\"22000\" class=\"elementor elementor-22000\" data-elementor-post-type=\"page\">\n\t\t\t\t<div class=\"wd-negative-gap elementor-element elementor-element-82042b7 e-flex e-con-boxed e-con e-parent\" data-id=\"82042b7\" data-element_type=\"container\">\n\t\t\t\t\t<div class=\"e-con-inner\">\n\t\t\t\t<div class=\"elementor-element elementor-element-13e1b17 color-scheme-inherit text-left elementor-widget elementor-widget-text-editor\" data-id=\"13e1b17\" data-element_type=\"widget\" data-widget_type=\"text-editor.default\">\n\t\t\t\t<div class=\"elementor-widget-container\">\n\t\t\t\t\t\t\t<ol><li><strong> Aceptaci\u00f3n de los T\u00e9rminos<\/strong><\/li><\/ol><p>Al utilizar nuestro sitio web y realizar compras en nuestra tienda, el cliente acepta cumplir con estos t\u00e9rminos y condiciones.<\/p><ol start=\"2\"><li><strong> Productos y Servicios<\/strong><\/li><\/ol><p>Nos esforzamos por proporcionar informaci\u00f3n precisa sobre los productos y servicios. Sin embargo, no garantizamos que la descripci\u00f3n, el precio o cualquier otro contenido sea siempre exacto, completo o libre de errores.<\/p><ol start=\"3\"><li><strong> Precios y Pagos<\/strong><\/li><\/ol><p>Los precios de los productos est\u00e1n sujetos a cambios sin previo aviso. Aceptamos los m\u00e9todos de pago especificados en nuestro sitio web. Todos los pagos deben ser completados en su totalidad antes de procesar el pedido.<\/p><ol start=\"4\"><li><strong> Env\u00edos y Entregas<\/strong><\/li><\/ol><p>Nos esforzamos por cumplir con los plazos de entrega estimados, pero no garantizamos fechas de entrega espec\u00edficas. No somos responsables de retrasos en la entrega causados por eventos fuera de nuestro control.<\/p><p><strong>5. Responsabilidad<\/strong><\/p><p>No somos responsables de da\u00f1os indirectos, incidentales o consecuentes derivados del uso de nuestros productos o servicios. Nuestra responsabilidad se limita al valor del producto adquirido.<\/p><p><strong>6. Modificaciones a los T\u00e9rminos<\/strong><\/p><p>Nos reservamos el derecho de modificar estos t\u00e9rminos y condiciones en cualquier momento. Los cambios ser\u00e1n efectivos al publicarse en nuestro sitio web. Es responsabilidad del cliente revisar peri\u00f3dicamente estos t\u00e9rminos.<\/p><p><strong>7. Ley Aplicable<\/strong><\/p><p>Estos t\u00e9rminos y condiciones se regir\u00e1n e interpretar\u00e1n de acuerdo con las leyes del Per\u00fa, sin tener en cuenta sus disposiciones sobre conflicto de leyes.<\/p><p><strong>8. Contacto<\/strong><\/p><p>Para preguntas o inquietudes sobre estos t\u00e9rminos y condiciones, cont\u00e1ctenos al WhatsApp +51 933 789 889 o al correo e.willyam407@gmail.com.<\/p>\t\t\t\t\t\t<\/div>\n\t\t\t\t<\/div>\n\t\t\t\t\t<\/div>\n\t\t\t\t<\/div>\n\t\t\t\t<\/div>\n\t\t","protected":false},"excerpt":{"rendered":"<p>Aceptaci\u00f3n de los T\u00e9rminos Al utilizar nuestro sitio web y realizar compras en nuestra tienda, el cliente acepta cumplir con<\/p>\n","protected":false},"author":1,"featured_media":0,"parent":0,"menu_order":0,"comment_status":"closed","ping_status":"closed","template":"","meta":{"footnotes":""},"class_list":["post-22000","page","type-page","status-publish","hentry"],"_links":{"self":[{"href":"https:\/\/ancestraveltours.com\/index.php\/wp-json\/wp\/v2\/pages\/22000","targetHints":{"allow":["GET"]}}],"collection":[{"href":"https:\/\/ancestraveltours.com\/index.php\/wp-json\/wp\/v2\/pages"}],"about":[{"href":"https:\/\/ancestraveltours.com\/index.php\/wp-json\/wp\/v2\/types\/page"}],"author":[{"embeddable":true,"href":"https:\/\/ancestraveltours.com\/index.php\/wp-json\/wp\/v2\/users\/1"}],"replies":[{"embeddable":true,"href":"https:\/\/ancestraveltours.com\/index.php\/wp-json\/wp\/v2\/comments?post=22000"}],"version-history":[{"count":4,"href":"https:\/\/ancestraveltours.com\/index.php\/wp-json\/wp\/v2\/pages\/22000\/revisions"}],"predecessor-version":[{"id":22005,"href":"https:\/\/ancestraveltours.com\/index.php\/wp-json\/wp\/v2\/pages\/22000\/revisions\/22005"}],"wp:attachment":[{"href":"https:\/\/ancestraveltours.com\/index.php\/wp-json\/wp\/v2\/media?parent=22000"}],"curies":[{"name":"wp","href":"https:\/\/api.w.org\/{rel}","templated":true}]}}