{"id":21472,"date":"2024-11-13T19:49:56","date_gmt":"2024-11-13T19:49:56","guid":{"rendered":"https:\/\/ancestraveltours.com\/?page_id=21472"},"modified":"2024-11-20T17:37:23","modified_gmt":"2024-11-20T17:37:23","slug":"tours-en-cusco","status":"publish","type":"page","link":"https:\/\/ancestraveltours.com\/index.php\/tours-en-cusco\/","title":{"rendered":"Tours en Cusco"},"content":{"rendered":"\t\t<div data-elementor-type=\"wp-page\" data-elementor-id=\"21472\" class=\"elementor elementor-21472\" data-elementor-post-type=\"page\">\n\t\t\t\t<div class=\"elementor-element elementor-element-4d5e90f wd-section-stretch-content e-con-full e-flex e-con e-parent\" data-id=\"4d5e90f\" data-element_type=\"container\" data-settings=\"{&quot;background_background&quot;:&quot;classic&quot;}\">\n\t\t<div class=\"elementor-element elementor-element-39a9548 e-flex e-con-boxed e-con e-child\" data-id=\"39a9548\" data-element_type=\"container\">\n\t\t\t\t\t<div class=\"e-con-inner\">\n\t\t\t\t<div class=\"elementor-element elementor-element-00c120e elementor-widget elementor-widget-heading\" data-id=\"00c120e\" data-element_type=\"widget\" data-widget_type=\"heading.default\">\n\t\t\t\t<div class=\"elementor-widget-container\">\n\t\t\t<h2 class=\"elementor-heading-title elementor-size-default\">Tours en Cusco\n<\/h2>\t\t<\/div>\n\t\t\t\t<\/div>\n\t\t\t\t\t<\/div>\n\t\t\t\t<\/div>\n\t\t\t\t<\/div>\n\t\t<div class=\"elementor-element elementor-element-9a0be2e e-con-full wd-section-stretch-content e-flex e-con e-parent\" data-id=\"9a0be2e\" data-element_type=\"container\" data-settings=\"{&quot;background_background&quot;:&quot;classic&quot;}\">\n\t\t<div class=\"elementor-element elementor-element-65e5f97 wd-section-stretch-content e-flex e-con-boxed e-con e-child\" data-id=\"65e5f97\" data-element_type=\"container\" data-settings=\"{&quot;background_background&quot;:&quot;classic&quot;}\">\n\t\t\t\t\t<div class=\"e-con-inner\">\n\t\t\t\t<div class=\"elementor-element elementor-element-0543c7f wd-width-100 elementor-widget elementor-widget-wd_blog\" data-id=\"0543c7f\" data-element_type=\"widget\" data-widget_type=\"wd_blog.default\">\n\t\t\t\t<div class=\"elementor-widget-container\">\n\t\t\t\t\t\t\t\t\t\t<div class=\"wd-blog-element\">\n\t\t\t\t\t<div class=\"wd-posts wd-blog-holder wd-masonry wd-grid-f-col\" id=\"69ea5d77d07f3\" data-paged=\"1\" data-atts=\"{&quot;post_type&quot;:&quot;post&quot;,&quot;items_per_page&quot;:50,&quot;include&quot;:null,&quot;taxonomies&quot;:[&quot;75&quot;],&quot;offset&quot;:&quot;&quot;,&quot;orderby&quot;:&quot;&quot;,&quot;order&quot;:&quot;DESC&quot;,&quot;meta_key&quot;:null,&quot;exclude&quot;:&quot;&quot;,&quot;parts_media&quot;:true,&quot;parts_title&quot;:&quot;1&quot;,&quot;parts_meta&quot;:&quot;&quot;,&quot;parts_text&quot;:&quot;1&quot;,&quot;parts_btn&quot;:&quot;1&quot;,&quot;img_size&quot;:&quot;full&quot;,&quot;blog_design&quot;:&quot;mask&quot;,&quot;blog_carousel_design&quot;:null,&quot;blog_columns&quot;:{&quot;unit&quot;:&quot;px&quot;,&quot;size&quot;:4,&quot;sizes&quot;:[]},&quot;blog_columns_tablet&quot;:{&quot;size&quot;:&quot;&quot;},&quot;blog_columns_mobile&quot;:{&quot;size&quot;:&quot;&quot;},&quot;blog_spacing&quot;:&quot;&quot;,&quot;blog_spacing_tablet&quot;:&quot;&quot;,&quot;blog_spacing_mobile&quot;:&quot;&quot;,&quot;pagination&quot;:&quot;&quot;,&quot;speed&quot;:null,&quot;slides_per_view&quot;:null,&quot;slides_per_view_tablet&quot;:{&quot;size&quot;:&quot;&quot;},&quot;slides_per_view_mobile&quot;:{&quot;size&quot;:&quot;&quot;},&quot;wrap&quot;:null,&quot;autoplay&quot;:null,&quot;hide_pagination_control&quot;:null,&quot;hide_prev_next_buttons&quot;:null,&quot;scroll_per_page&quot;:null,&quot;lazy_loading&quot;:&quot;no&quot;,&quot;scroll_carousel_init&quot;:null,&quot;ajax_page&quot;:&quot;&quot;,&quot;custom_sizes&quot;:false,&quot;elementor&quot;:true}\" data-source=\"shortcode\" style=\"--wd-col-lg:4;--wd-col-md:4;--wd-col-sm:1;--wd-gap-lg:20px;--wd-gap-sm:10px;\">\n\t\t\t\n\t\t\t\t\t\t\t\t\t\t\t\t\t\t\t\t\t\t\t\n<article id=\"post-21902\" class=\"wd-post blog-design-mask blog-post-loop blog-style-bg wd-add-shadow wd-col post-21902 post type-post status-publish format-standard has-post-thumbnail hentry category-tours-en-cusco\">\n\t<div class=\"article-inner\">\n\t\t\t\t\t<header class=\"entry-header\">\n\t\t\t\t\t\t\t\t\t<figure id=\"carousel-206\" class=\"entry-thumbnail\">\n\t\t\t\t\t\t\n\t\t\t\t\t\t\t<div class=\"post-img-wrapp\">\n\t\t\t\t\t\t\t\t<a href=\"https:\/\/ancestraveltours.com\/index.php\/2024\/11\/20\/moray-salineras-y-maras\/\">\n\t\t\t\t\t\t\t\t\t<img fetchpriority=\"high\" decoding=\"async\" width=\"1000\" height=\"800\" src=\"https:\/\/ancestraveltours.com\/wp-content\/uploads\/2024\/11\/TOUR-PACHACAMAC-BARRANCO-24.jpg\" class=\"attachment-full size-full\" alt=\"\" srcset=\"https:\/\/ancestraveltours.com\/wp-content\/uploads\/2024\/11\/TOUR-PACHACAMAC-BARRANCO-24.jpg 1000w, https:\/\/ancestraveltours.com\/wp-content\/uploads\/2024\/11\/TOUR-PACHACAMAC-BARRANCO-24-375x300.jpg 375w, https:\/\/ancestraveltours.com\/wp-content\/uploads\/2024\/11\/TOUR-PACHACAMAC-BARRANCO-24-768x614.jpg 768w, https:\/\/ancestraveltours.com\/wp-content\/uploads\/2024\/11\/TOUR-PACHACAMAC-BARRANCO-24-430x344.jpg 430w, https:\/\/ancestraveltours.com\/wp-content\/uploads\/2024\/11\/TOUR-PACHACAMAC-BARRANCO-24-700x560.jpg 700w, https:\/\/ancestraveltours.com\/wp-content\/uploads\/2024\/11\/TOUR-PACHACAMAC-BARRANCO-24-150x120.jpg 150w\" sizes=\"(max-width: 1000px) 100vw, 1000px\" \/>\t\t\t\t\t\t\t\t<\/a>\n\t\t\t\t\t\t\t<\/div>\n\t\t\t\t\t\t\t<div class=\"post-image-mask\">\n\t\t\t\t\t\t\t\t<span><\/span>\n\t\t\t\t\t\t\t<\/div>\n\n\t\t\t\t\t\t\n\t\t\t\t\t<\/figure>\n\t\t\t\t\n\t\t\t\t\t\t\t\t\t\t\t\t\t\n\t\t\t<\/header><!-- .entry-header -->\n\n\t\t<div class=\"article-body-container\">\n\t\t\t\n\t\t\t\t\n\t\t\t\t\t\t\t\t\t<h3 class=\"wd-entities-title title post-title\">\n\t\t\t\t\t\t<a href=\"https:\/\/ancestraveltours.com\/index.php\/2024\/11\/20\/moray-salineras-y-maras\/\" rel=\"bookmark\">MORAY SALINERAS Y MARAS<\/a>\n\t\t\t\t\t<\/h3>\n\t\t\t\t\n\t\t\t\t\t\t\t\n\t\t\t\t\t\t\t\n\t\t\t\t                    <div class=\"entry-content wd-entry-content\">\n\t\t\t\t\t\tMORAY SALINERAS Y MARAS\t\t\n\t\tLas Salineras de Maras lo conforman m\u00e1s de 3 mil pozos de sal natural cercanos al pueblo de Maras cada uno ...\n\t\t\t\t\t\t\t\t\t\t\t<\/div><!-- .entry-content -->\n\t\t\t\t\n\t\t\t\t\t\t\t\t\t\t\t\t\t\t<p class=\"read-more-section\">\n\t\t\t\t\t\t<a class=\"btn-read-more more-link\" href=\"https:\/\/ancestraveltours.com\/index.php\/2024\/11\/20\/moray-salineras-y-maras\/\">Seguir leyendo<\/a>\t\t\t\t\t<\/p>\n\t\t\t\t\t\t\t\t\t\t\t\n\t\t\t\n\t\t\t\t\t<\/div>\n\t<\/div>\n<\/article><!-- #post -->\n\n\n\t\t\t\t\t\t\t\t\t\t\t\t\t\t\t\t\t\t\t\n<article id=\"post-21892\" class=\"wd-post blog-design-mask blog-post-loop blog-style-bg wd-add-shadow wd-col post-21892 post type-post status-publish format-standard has-post-thumbnail hentry category-tours-en-cusco\">\n\t<div class=\"article-inner\">\n\t\t\t\t\t<header class=\"entry-header\">\n\t\t\t\t\t\t\t\t\t<figure id=\"carousel-294\" class=\"entry-thumbnail\">\n\t\t\t\t\t\t\n\t\t\t\t\t\t\t<div class=\"post-img-wrapp\">\n\t\t\t\t\t\t\t\t<a href=\"https:\/\/ancestraveltours.com\/index.php\/2024\/11\/20\/lagunas-de-humantay\/\">\n\t\t\t\t\t\t\t\t\t<img decoding=\"async\" width=\"1000\" height=\"800\" src=\"https:\/\/ancestraveltours.com\/wp-content\/uploads\/2024\/11\/TOUR-PACHACAMAC-BARRANCO-25.jpg\" class=\"attachment-full size-full\" alt=\"\" srcset=\"https:\/\/ancestraveltours.com\/wp-content\/uploads\/2024\/11\/TOUR-PACHACAMAC-BARRANCO-25.jpg 1000w, https:\/\/ancestraveltours.com\/wp-content\/uploads\/2024\/11\/TOUR-PACHACAMAC-BARRANCO-25-375x300.jpg 375w, https:\/\/ancestraveltours.com\/wp-content\/uploads\/2024\/11\/TOUR-PACHACAMAC-BARRANCO-25-768x614.jpg 768w, https:\/\/ancestraveltours.com\/wp-content\/uploads\/2024\/11\/TOUR-PACHACAMAC-BARRANCO-25-430x344.jpg 430w, https:\/\/ancestraveltours.com\/wp-content\/uploads\/2024\/11\/TOUR-PACHACAMAC-BARRANCO-25-700x560.jpg 700w, https:\/\/ancestraveltours.com\/wp-content\/uploads\/2024\/11\/TOUR-PACHACAMAC-BARRANCO-25-150x120.jpg 150w\" sizes=\"(max-width: 1000px) 100vw, 1000px\" \/>\t\t\t\t\t\t\t\t<\/a>\n\t\t\t\t\t\t\t<\/div>\n\t\t\t\t\t\t\t<div class=\"post-image-mask\">\n\t\t\t\t\t\t\t\t<span><\/span>\n\t\t\t\t\t\t\t<\/div>\n\n\t\t\t\t\t\t\n\t\t\t\t\t<\/figure>\n\t\t\t\t\n\t\t\t\t\t\t\t\t\t\t\t\t\t\n\t\t\t<\/header><!-- .entry-header -->\n\n\t\t<div class=\"article-body-container\">\n\t\t\t\n\t\t\t\t\n\t\t\t\t\t\t\t\t\t<h3 class=\"wd-entities-title title post-title\">\n\t\t\t\t\t\t<a href=\"https:\/\/ancestraveltours.com\/index.php\/2024\/11\/20\/lagunas-de-humantay\/\" rel=\"bookmark\">LAGUNAS DE HUMANTAY<\/a>\n\t\t\t\t\t<\/h3>\n\t\t\t\t\n\t\t\t\t\t\t\t\n\t\t\t\t\t\t\t\n\t\t\t\t                    <div class=\"entry-content wd-entry-content\">\n\t\t\t\t\t\tLAGUNAS DE HUMANTAY\n\t\t\n\t\tDisfruta de un tour \u00fanico en Cusco, donde la cultura, historia y paisajes se combinan en una experiencia inolv...\n\t\t\t\t\t\t\t\t\t\t\t<\/div><!-- .entry-content -->\n\t\t\t\t\n\t\t\t\t\t\t\t\t\t\t\t\t\t\t<p class=\"read-more-section\">\n\t\t\t\t\t\t<a class=\"btn-read-more more-link\" href=\"https:\/\/ancestraveltours.com\/index.php\/2024\/11\/20\/lagunas-de-humantay\/\">Seguir leyendo<\/a>\t\t\t\t\t<\/p>\n\t\t\t\t\t\t\t\t\t\t\t\n\t\t\t\n\t\t\t\t\t<\/div>\n\t<\/div>\n<\/article><!-- #post -->\n\n\n\t\t\t\t\t\t\t\t\t\t\t\t\t\t\t\t\t\t\t\n<article id=\"post-21872\" class=\"wd-post blog-design-mask blog-post-loop blog-style-bg wd-add-shadow wd-col post-21872 post type-post status-publish format-standard has-post-thumbnail hentry category-tours-en-cusco\">\n\t<div class=\"article-inner\">\n\t\t\t\t\t<header class=\"entry-header\">\n\t\t\t\t\t\t\t\t\t<figure id=\"carousel-709\" class=\"entry-thumbnail\">\n\t\t\t\t\t\t\n\t\t\t\t\t\t\t<div class=\"post-img-wrapp\">\n\t\t\t\t\t\t\t\t<a href=\"https:\/\/ancestraveltours.com\/index.php\/2024\/11\/20\/montana-7-colores\/\">\n\t\t\t\t\t\t\t\t\t<img decoding=\"async\" width=\"1000\" height=\"800\" src=\"https:\/\/ancestraveltours.com\/wp-content\/uploads\/2024\/11\/TOUR-PACHACAMAC-BARRANCO-23.jpg\" class=\"attachment-full size-full\" alt=\"\" srcset=\"https:\/\/ancestraveltours.com\/wp-content\/uploads\/2024\/11\/TOUR-PACHACAMAC-BARRANCO-23.jpg 1000w, https:\/\/ancestraveltours.com\/wp-content\/uploads\/2024\/11\/TOUR-PACHACAMAC-BARRANCO-23-375x300.jpg 375w, https:\/\/ancestraveltours.com\/wp-content\/uploads\/2024\/11\/TOUR-PACHACAMAC-BARRANCO-23-768x614.jpg 768w, https:\/\/ancestraveltours.com\/wp-content\/uploads\/2024\/11\/TOUR-PACHACAMAC-BARRANCO-23-430x344.jpg 430w, https:\/\/ancestraveltours.com\/wp-content\/uploads\/2024\/11\/TOUR-PACHACAMAC-BARRANCO-23-700x560.jpg 700w, https:\/\/ancestraveltours.com\/wp-content\/uploads\/2024\/11\/TOUR-PACHACAMAC-BARRANCO-23-150x120.jpg 150w\" sizes=\"(max-width: 1000px) 100vw, 1000px\" \/>\t\t\t\t\t\t\t\t<\/a>\n\t\t\t\t\t\t\t<\/div>\n\t\t\t\t\t\t\t<div class=\"post-image-mask\">\n\t\t\t\t\t\t\t\t<span><\/span>\n\t\t\t\t\t\t\t<\/div>\n\n\t\t\t\t\t\t\n\t\t\t\t\t<\/figure>\n\t\t\t\t\n\t\t\t\t\t\t\t\t\t\t\t\t\t\n\t\t\t<\/header><!-- .entry-header -->\n\n\t\t<div class=\"article-body-container\">\n\t\t\t\n\t\t\t\t\n\t\t\t\t\t\t\t\t\t<h3 class=\"wd-entities-title title post-title\">\n\t\t\t\t\t\t<a href=\"https:\/\/ancestraveltours.com\/index.php\/2024\/11\/20\/montana-7-colores\/\" rel=\"bookmark\">MONTA\u00d1A 7 COLORES<\/a>\n\t\t\t\t\t<\/h3>\n\t\t\t\t\n\t\t\t\t\t\t\t\n\t\t\t\t\t\t\t\n\t\t\t\t                    <div class=\"entry-content wd-entry-content\">\n\t\t\t\t\t\tMONTA\u00d1A 7 COLORES\t\t\n\t\tDescubre la nueva ruta tur\u00edstica que te llevar\u00e1 a conocer la asombrosa Monta\u00f1a de los 7 Colores, ubicada en la Co...\n\t\t\t\t\t\t\t\t\t\t\t<\/div><!-- .entry-content -->\n\t\t\t\t\n\t\t\t\t\t\t\t\t\t\t\t\t\t\t<p class=\"read-more-section\">\n\t\t\t\t\t\t<a class=\"btn-read-more more-link\" href=\"https:\/\/ancestraveltours.com\/index.php\/2024\/11\/20\/montana-7-colores\/\">Seguir leyendo<\/a>\t\t\t\t\t<\/p>\n\t\t\t\t\t\t\t\t\t\t\t\n\t\t\t\n\t\t\t\t\t<\/div>\n\t<\/div>\n<\/article><!-- #post -->\n\n\n\t\t\t\t\t\t\t\t\t\t\t\t\t\t\t\t\t\t\t\n<article id=\"post-21860\" class=\"wd-post blog-design-mask blog-post-loop blog-style-bg wd-add-shadow wd-col post-21860 post type-post status-publish format-standard has-post-thumbnail hentry category-tours-en-cusco\">\n\t<div class=\"article-inner\">\n\t\t\t\t\t<header class=\"entry-header\">\n\t\t\t\t\t\t\t\t\t<figure id=\"carousel-375\" class=\"entry-thumbnail\">\n\t\t\t\t\t\t\n\t\t\t\t\t\t\t<div class=\"post-img-wrapp\">\n\t\t\t\t\t\t\t\t<a href=\"https:\/\/ancestraveltours.com\/index.php\/2024\/11\/20\/valle-sagrado-de-los-incas\/\">\n\t\t\t\t\t\t\t\t\t<img loading=\"lazy\" decoding=\"async\" width=\"1000\" height=\"800\" src=\"https:\/\/ancestraveltours.com\/wp-content\/uploads\/2024\/11\/TOUR-PACHACAMAC-BARRANCO-22.jpg\" class=\"attachment-full size-full\" alt=\"\" srcset=\"https:\/\/ancestraveltours.com\/wp-content\/uploads\/2024\/11\/TOUR-PACHACAMAC-BARRANCO-22.jpg 1000w, https:\/\/ancestraveltours.com\/wp-content\/uploads\/2024\/11\/TOUR-PACHACAMAC-BARRANCO-22-375x300.jpg 375w, https:\/\/ancestraveltours.com\/wp-content\/uploads\/2024\/11\/TOUR-PACHACAMAC-BARRANCO-22-768x614.jpg 768w, https:\/\/ancestraveltours.com\/wp-content\/uploads\/2024\/11\/TOUR-PACHACAMAC-BARRANCO-22-430x344.jpg 430w, https:\/\/ancestraveltours.com\/wp-content\/uploads\/2024\/11\/TOUR-PACHACAMAC-BARRANCO-22-700x560.jpg 700w, https:\/\/ancestraveltours.com\/wp-content\/uploads\/2024\/11\/TOUR-PACHACAMAC-BARRANCO-22-150x120.jpg 150w\" sizes=\"(max-width: 1000px) 100vw, 1000px\" \/>\t\t\t\t\t\t\t\t<\/a>\n\t\t\t\t\t\t\t<\/div>\n\t\t\t\t\t\t\t<div class=\"post-image-mask\">\n\t\t\t\t\t\t\t\t<span><\/span>\n\t\t\t\t\t\t\t<\/div>\n\n\t\t\t\t\t\t\n\t\t\t\t\t<\/figure>\n\t\t\t\t\n\t\t\t\t\t\t\t\t\t\t\t\t\t\n\t\t\t<\/header><!-- .entry-header -->\n\n\t\t<div class=\"article-body-container\">\n\t\t\t\n\t\t\t\t\n\t\t\t\t\t\t\t\t\t<h3 class=\"wd-entities-title title post-title\">\n\t\t\t\t\t\t<a href=\"https:\/\/ancestraveltours.com\/index.php\/2024\/11\/20\/valle-sagrado-de-los-incas\/\" rel=\"bookmark\">VALLE SAGRADO DE LOS INCAS<\/a>\n\t\t\t\t\t<\/h3>\n\t\t\t\t\n\t\t\t\t\t\t\t\n\t\t\t\t\t\t\t\n\t\t\t\t                    <div class=\"entry-content wd-entry-content\">\n\t\t\t\t\t\tVALLE SAGRADO DE LOS INCAS\t\t\n\t\tDisfruta de un recorrido por los hermosos pueblos coloniales del Valle Sagrado, donde la rica cultura, f...\n\t\t\t\t\t\t\t\t\t\t\t<\/div><!-- .entry-content -->\n\t\t\t\t\n\t\t\t\t\t\t\t\t\t\t\t\t\t\t<p class=\"read-more-section\">\n\t\t\t\t\t\t<a class=\"btn-read-more more-link\" href=\"https:\/\/ancestraveltours.com\/index.php\/2024\/11\/20\/valle-sagrado-de-los-incas\/\">Seguir leyendo<\/a>\t\t\t\t\t<\/p>\n\t\t\t\t\t\t\t\t\t\t\t\n\t\t\t\n\t\t\t\t\t<\/div>\n\t<\/div>\n<\/article><!-- #post -->\n\n\n\t\t\t\t\t\t\t\t\t\t\t\t\t\t\t\t\t\t\t\n<article id=\"post-21845\" class=\"wd-post blog-design-mask blog-post-loop blog-style-bg wd-add-shadow wd-col post-21845 post type-post status-publish format-standard has-post-thumbnail hentry category-tours-en-cusco\">\n\t<div class=\"article-inner\">\n\t\t\t\t\t<header class=\"entry-header\">\n\t\t\t\t\t\t\t\t\t<figure id=\"carousel-617\" class=\"entry-thumbnail\">\n\t\t\t\t\t\t\n\t\t\t\t\t\t\t<div class=\"post-img-wrapp\">\n\t\t\t\t\t\t\t\t<a href=\"https:\/\/ancestraveltours.com\/index.php\/2024\/11\/20\/valle-sur-este\/\">\n\t\t\t\t\t\t\t\t\t<img loading=\"lazy\" decoding=\"async\" width=\"1000\" height=\"800\" src=\"https:\/\/ancestraveltours.com\/wp-content\/uploads\/2024\/11\/TOUR-PACHACAMAC-BARRANCO-21.jpg\" class=\"attachment-full size-full\" alt=\"\" srcset=\"https:\/\/ancestraveltours.com\/wp-content\/uploads\/2024\/11\/TOUR-PACHACAMAC-BARRANCO-21.jpg 1000w, https:\/\/ancestraveltours.com\/wp-content\/uploads\/2024\/11\/TOUR-PACHACAMAC-BARRANCO-21-375x300.jpg 375w, https:\/\/ancestraveltours.com\/wp-content\/uploads\/2024\/11\/TOUR-PACHACAMAC-BARRANCO-21-768x614.jpg 768w, https:\/\/ancestraveltours.com\/wp-content\/uploads\/2024\/11\/TOUR-PACHACAMAC-BARRANCO-21-430x344.jpg 430w, https:\/\/ancestraveltours.com\/wp-content\/uploads\/2024\/11\/TOUR-PACHACAMAC-BARRANCO-21-700x560.jpg 700w, https:\/\/ancestraveltours.com\/wp-content\/uploads\/2024\/11\/TOUR-PACHACAMAC-BARRANCO-21-150x120.jpg 150w\" sizes=\"(max-width: 1000px) 100vw, 1000px\" \/>\t\t\t\t\t\t\t\t<\/a>\n\t\t\t\t\t\t\t<\/div>\n\t\t\t\t\t\t\t<div class=\"post-image-mask\">\n\t\t\t\t\t\t\t\t<span><\/span>\n\t\t\t\t\t\t\t<\/div>\n\n\t\t\t\t\t\t\n\t\t\t\t\t<\/figure>\n\t\t\t\t\n\t\t\t\t\t\t\t\t\t\t\t\t\t\n\t\t\t<\/header><!-- .entry-header -->\n\n\t\t<div class=\"article-body-container\">\n\t\t\t\n\t\t\t\t\n\t\t\t\t\t\t\t\t\t<h3 class=\"wd-entities-title title post-title\">\n\t\t\t\t\t\t<a href=\"https:\/\/ancestraveltours.com\/index.php\/2024\/11\/20\/valle-sur-este\/\" rel=\"bookmark\">VALLE SUR ESTE<\/a>\n\t\t\t\t\t<\/h3>\n\t\t\t\t\n\t\t\t\t\t\t\t\n\t\t\t\t\t\t\t\n\t\t\t\t                    <div class=\"entry-content wd-entry-content\">\n\t\t\t\t\t\tValle Sur este\t\t\n\t\tEl Corredor Sur de Cusco ofrece impresionantes paisajes naturales y sitios arqueol\u00f3gicos \u00fanicos. El recorrido inicia...\n\t\t\t\t\t\t\t\t\t\t\t<\/div><!-- .entry-content -->\n\t\t\t\t\n\t\t\t\t\t\t\t\t\t\t\t\t\t\t<p class=\"read-more-section\">\n\t\t\t\t\t\t<a class=\"btn-read-more more-link\" href=\"https:\/\/ancestraveltours.com\/index.php\/2024\/11\/20\/valle-sur-este\/\">Seguir leyendo<\/a>\t\t\t\t\t<\/p>\n\t\t\t\t\t\t\t\t\t\t\t\n\t\t\t\n\t\t\t\t\t<\/div>\n\t<\/div>\n<\/article><!-- #post -->\n\n\n\t\t\t\t\t\t\t\t\t\t\t\t\t\t\t\t\t\t\t\n<article id=\"post-21836\" class=\"wd-post blog-design-mask blog-post-loop blog-style-bg wd-add-shadow wd-col post-21836 post type-post status-publish format-standard has-post-thumbnail hentry category-tours-en-cusco\">\n\t<div class=\"article-inner\">\n\t\t\t\t\t<header class=\"entry-header\">\n\t\t\t\t\t\t\t\t\t<figure id=\"carousel-940\" class=\"entry-thumbnail\">\n\t\t\t\t\t\t\n\t\t\t\t\t\t\t<div class=\"post-img-wrapp\">\n\t\t\t\t\t\t\t\t<a href=\"https:\/\/ancestraveltours.com\/index.php\/2024\/11\/20\/city-tour-cusco\/\">\n\t\t\t\t\t\t\t\t\t<img loading=\"lazy\" decoding=\"async\" width=\"1000\" height=\"800\" src=\"https:\/\/ancestraveltours.com\/wp-content\/uploads\/2024\/11\/TOUR-PACHACAMAC-BARRANCO-20.jpg\" class=\"attachment-full size-full\" alt=\"\" srcset=\"https:\/\/ancestraveltours.com\/wp-content\/uploads\/2024\/11\/TOUR-PACHACAMAC-BARRANCO-20.jpg 1000w, https:\/\/ancestraveltours.com\/wp-content\/uploads\/2024\/11\/TOUR-PACHACAMAC-BARRANCO-20-375x300.jpg 375w, https:\/\/ancestraveltours.com\/wp-content\/uploads\/2024\/11\/TOUR-PACHACAMAC-BARRANCO-20-768x614.jpg 768w, https:\/\/ancestraveltours.com\/wp-content\/uploads\/2024\/11\/TOUR-PACHACAMAC-BARRANCO-20-430x344.jpg 430w, https:\/\/ancestraveltours.com\/wp-content\/uploads\/2024\/11\/TOUR-PACHACAMAC-BARRANCO-20-700x560.jpg 700w, https:\/\/ancestraveltours.com\/wp-content\/uploads\/2024\/11\/TOUR-PACHACAMAC-BARRANCO-20-150x120.jpg 150w\" sizes=\"(max-width: 1000px) 100vw, 1000px\" \/>\t\t\t\t\t\t\t\t<\/a>\n\t\t\t\t\t\t\t<\/div>\n\t\t\t\t\t\t\t<div class=\"post-image-mask\">\n\t\t\t\t\t\t\t\t<span><\/span>\n\t\t\t\t\t\t\t<\/div>\n\n\t\t\t\t\t\t\n\t\t\t\t\t<\/figure>\n\t\t\t\t\n\t\t\t\t\t\t\t\t\t\t\t\t\t\n\t\t\t<\/header><!-- .entry-header -->\n\n\t\t<div class=\"article-body-container\">\n\t\t\t\n\t\t\t\t\n\t\t\t\t\t\t\t\t\t<h3 class=\"wd-entities-title title post-title\">\n\t\t\t\t\t\t<a href=\"https:\/\/ancestraveltours.com\/index.php\/2024\/11\/20\/city-tour-cusco\/\" rel=\"bookmark\">CITY TOUR CUSCO<\/a>\n\t\t\t\t\t<\/h3>\n\t\t\t\t\n\t\t\t\t\t\t\t\n\t\t\t\t\t\t\t\n\t\t\t\t                    <div class=\"entry-content wd-entry-content\">\n\t\t\t\t\t\tCITY TOUR CUSCO\t\t\n\t\tDisfruta de un tour \u00fanico por los principales sitios arqueol\u00f3gicos y religiosos de Cusco. Comenzaremos en Sacsayhua...\n\t\t\t\t\t\t\t\t\t\t\t<\/div><!-- .entry-content -->\n\t\t\t\t\n\t\t\t\t\t\t\t\t\t\t\t\t\t\t<p class=\"read-more-section\">\n\t\t\t\t\t\t<a class=\"btn-read-more more-link\" href=\"https:\/\/ancestraveltours.com\/index.php\/2024\/11\/20\/city-tour-cusco\/\">Seguir leyendo<\/a>\t\t\t\t\t<\/p>\n\t\t\t\t\t\t\t\t\t\t\t\n\t\t\t\n\t\t\t\t\t<\/div>\n\t<\/div>\n<\/article><!-- #post -->\n\n\n\t\t\t\t\t\t\t\t\t\t\t\t\t\t\t\t\t\t\t\n<article id=\"post-21827\" class=\"wd-post blog-design-mask blog-post-loop blog-style-bg wd-add-shadow wd-col post-21827 post type-post status-publish format-standard has-post-thumbnail hentry category-tours-en-cusco\">\n\t<div class=\"article-inner\">\n\t\t\t\t\t<header class=\"entry-header\">\n\t\t\t\t\t\t\t\t\t<figure id=\"carousel-709\" class=\"entry-thumbnail\">\n\t\t\t\t\t\t\n\t\t\t\t\t\t\t<div class=\"post-img-wrapp\">\n\t\t\t\t\t\t\t\t<a href=\"https:\/\/ancestraveltours.com\/index.php\/2024\/11\/20\/walking-tour-cusco\/\">\n\t\t\t\t\t\t\t\t\t<img loading=\"lazy\" decoding=\"async\" width=\"1000\" height=\"800\" src=\"https:\/\/ancestraveltours.com\/wp-content\/uploads\/2024\/11\/TOUR-PACHACAMAC-BARRANCO-19.jpg\" class=\"attachment-full size-full\" alt=\"\" srcset=\"https:\/\/ancestraveltours.com\/wp-content\/uploads\/2024\/11\/TOUR-PACHACAMAC-BARRANCO-19.jpg 1000w, https:\/\/ancestraveltours.com\/wp-content\/uploads\/2024\/11\/TOUR-PACHACAMAC-BARRANCO-19-375x300.jpg 375w, https:\/\/ancestraveltours.com\/wp-content\/uploads\/2024\/11\/TOUR-PACHACAMAC-BARRANCO-19-768x614.jpg 768w, https:\/\/ancestraveltours.com\/wp-content\/uploads\/2024\/11\/TOUR-PACHACAMAC-BARRANCO-19-430x344.jpg 430w, https:\/\/ancestraveltours.com\/wp-content\/uploads\/2024\/11\/TOUR-PACHACAMAC-BARRANCO-19-700x560.jpg 700w, https:\/\/ancestraveltours.com\/wp-content\/uploads\/2024\/11\/TOUR-PACHACAMAC-BARRANCO-19-150x120.jpg 150w\" sizes=\"(max-width: 1000px) 100vw, 1000px\" \/>\t\t\t\t\t\t\t\t<\/a>\n\t\t\t\t\t\t\t<\/div>\n\t\t\t\t\t\t\t<div class=\"post-image-mask\">\n\t\t\t\t\t\t\t\t<span><\/span>\n\t\t\t\t\t\t\t<\/div>\n\n\t\t\t\t\t\t\n\t\t\t\t\t<\/figure>\n\t\t\t\t\n\t\t\t\t\t\t\t\t\t\t\t\t\t\n\t\t\t<\/header><!-- .entry-header -->\n\n\t\t<div class=\"article-body-container\">\n\t\t\t\n\t\t\t\t\n\t\t\t\t\t\t\t\t\t<h3 class=\"wd-entities-title title post-title\">\n\t\t\t\t\t\t<a href=\"https:\/\/ancestraveltours.com\/index.php\/2024\/11\/20\/walking-tour-cusco\/\" rel=\"bookmark\">MACHU PICCHU FULL WALKING TOUR CUSCO<\/a>\n\t\t\t\t\t<\/h3>\n\t\t\t\t\n\t\t\t\t\t\t\t\n\t\t\t\t\t\t\t\n\t\t\t\t                    <div class=\"entry-content wd-entry-content\">\n\t\t\t\t\t\tWALKING TOUR CUSCO\t\t\n\t\tDisfruta del Centro Hist\u00f3rico de Cusco, visitando el Templo del Sol (Qoricancha) y otros lugares ic\u00f3nicos como l...\n\t\t\t\t\t\t\t\t\t\t\t<\/div><!-- .entry-content -->\n\t\t\t\t\n\t\t\t\t\t\t\t\t\t\t\t\t\t\t<p class=\"read-more-section\">\n\t\t\t\t\t\t<a class=\"btn-read-more more-link\" href=\"https:\/\/ancestraveltours.com\/index.php\/2024\/11\/20\/walking-tour-cusco\/\">Seguir leyendo<\/a>\t\t\t\t\t<\/p>\n\t\t\t\t\t\t\t\t\t\t\t\n\t\t\t\n\t\t\t\t\t<\/div>\n\t<\/div>\n<\/article><!-- #post -->\n\n\n\t\t\t\t\t\t\t\t\t\t\t\t\t\t\t\t\t\t\t\n<article id=\"post-21818\" class=\"wd-post blog-design-mask blog-post-loop blog-style-bg wd-add-shadow wd-col post-21818 post type-post status-publish format-standard has-post-thumbnail hentry category-tours-en-cusco\">\n\t<div class=\"article-inner\">\n\t\t\t\t\t<header class=\"entry-header\">\n\t\t\t\t\t\t\t\t\t<figure id=\"carousel-268\" class=\"entry-thumbnail\">\n\t\t\t\t\t\t\n\t\t\t\t\t\t\t<div class=\"post-img-wrapp\">\n\t\t\t\t\t\t\t\t<a href=\"https:\/\/ancestraveltours.com\/index.php\/2024\/11\/20\/machu-picchu-full-day\/\">\n\t\t\t\t\t\t\t\t\t<img loading=\"lazy\" decoding=\"async\" width=\"1000\" height=\"800\" src=\"https:\/\/ancestraveltours.com\/wp-content\/uploads\/2024\/11\/TOUR-PACHACAMAC-BARRANCO-18.jpg\" class=\"attachment-full size-full\" alt=\"\" srcset=\"https:\/\/ancestraveltours.com\/wp-content\/uploads\/2024\/11\/TOUR-PACHACAMAC-BARRANCO-18.jpg 1000w, https:\/\/ancestraveltours.com\/wp-content\/uploads\/2024\/11\/TOUR-PACHACAMAC-BARRANCO-18-375x300.jpg 375w, https:\/\/ancestraveltours.com\/wp-content\/uploads\/2024\/11\/TOUR-PACHACAMAC-BARRANCO-18-768x614.jpg 768w, https:\/\/ancestraveltours.com\/wp-content\/uploads\/2024\/11\/TOUR-PACHACAMAC-BARRANCO-18-430x344.jpg 430w, https:\/\/ancestraveltours.com\/wp-content\/uploads\/2024\/11\/TOUR-PACHACAMAC-BARRANCO-18-700x560.jpg 700w, https:\/\/ancestraveltours.com\/wp-content\/uploads\/2024\/11\/TOUR-PACHACAMAC-BARRANCO-18-150x120.jpg 150w\" sizes=\"(max-width: 1000px) 100vw, 1000px\" \/>\t\t\t\t\t\t\t\t<\/a>\n\t\t\t\t\t\t\t<\/div>\n\t\t\t\t\t\t\t<div class=\"post-image-mask\">\n\t\t\t\t\t\t\t\t<span><\/span>\n\t\t\t\t\t\t\t<\/div>\n\n\t\t\t\t\t\t\n\t\t\t\t\t<\/figure>\n\t\t\t\t\n\t\t\t\t\t\t\t\t\t\t\t\t\t\n\t\t\t<\/header><!-- .entry-header -->\n\n\t\t<div class=\"article-body-container\">\n\t\t\t\n\t\t\t\t\n\t\t\t\t\t\t\t\t\t<h3 class=\"wd-entities-title title post-title\">\n\t\t\t\t\t\t<a href=\"https:\/\/ancestraveltours.com\/index.php\/2024\/11\/20\/machu-picchu-full-day\/\" rel=\"bookmark\">MACHU PICCHU FULL DAY<\/a>\n\t\t\t\t\t<\/h3>\n\t\t\t\t\n\t\t\t\t\t\t\t\n\t\t\t\t\t\t\t\n\t\t\t\t                    <div class=\"entry-content wd-entry-content\">\n\t\t\t\t\t\tMACHU PICCHU FULL DAY\t\t\n\t\tMachu Picchu, ubicada a 120 km de Cusco en el Valle del Urubamba, es el principal atractivo tur\u00edstico del Per...\n\t\t\t\t\t\t\t\t\t\t\t<\/div><!-- .entry-content -->\n\t\t\t\t\n\t\t\t\t\t\t\t\t\t\t\t\t\t\t<p class=\"read-more-section\">\n\t\t\t\t\t\t<a class=\"btn-read-more more-link\" href=\"https:\/\/ancestraveltours.com\/index.php\/2024\/11\/20\/machu-picchu-full-day\/\">Seguir leyendo<\/a>\t\t\t\t\t<\/p>\n\t\t\t\t\t\t\t\t\t\t\t\n\t\t\t\n\t\t\t\t\t<\/div>\n\t<\/div>\n<\/article><!-- #post -->\n\n\n\t\t\t\t\n\t\t\t\t\t\t\t\t<\/div>\n\t\t\t\n\t\t\t\t\t\t\t\t\t\t<\/div>\n\t\t\t\t\t\t\t\t<\/div>\n\t\t\t\t<\/div>\n\t\t\t\t\t<\/div>\n\t\t\t\t<\/div>\n\t\t\t\t<\/div>\n\t\t\t\t<\/div>\n\t\t","protected":false},"excerpt":{"rendered":"<p>Tours en Cusco 20 Nov MORAY SALINERAS Y MARAS MORAY SALINERAS Y MARAS MORAY SALINERAS Y MARAS La monta\u00f1a Humantay,<\/p>\n","protected":false},"author":1,"featured_media":0,"parent":0,"menu_order":0,"comment_status":"closed","ping_status":"closed","template":"","meta":{"footnotes":""},"class_list":["post-21472","page","type-page","status-publish","hentry"],"_links":{"self":[{"href":"https:\/\/ancestraveltours.com\/index.php\/wp-json\/wp\/v2\/pages\/21472","targetHints":{"allow":["GET"]}}],"collection":[{"href":"https:\/\/ancestraveltours.com\/index.php\/wp-json\/wp\/v2\/pages"}],"about":[{"href":"https:\/\/ancestraveltours.com\/index.php\/wp-json\/wp\/v2\/types\/page"}],"author":[{"embeddable":true,"href":"https:\/\/ancestraveltours.com\/index.php\/wp-json\/wp\/v2\/users\/1"}],"replies":[{"embeddable":true,"href":"https:\/\/ancestraveltours.com\/index.php\/wp-json\/wp\/v2\/comments?post=21472"}],"version-history":[{"count":13,"href":"https:\/\/ancestraveltours.com\/index.php\/wp-json\/wp\/v2\/pages\/21472\/revisions"}],"predecessor-version":[{"id":21968,"href":"https:\/\/ancestraveltours.com\/index.php\/wp-json\/wp\/v2\/pages\/21472\/revisions\/21968"}],"wp:attachment":[{"href":"https:\/\/ancestraveltours.com\/index.php\/wp-json\/wp\/v2\/media?parent=21472"}],"curies":[{"name":"wp","href":"https:\/\/api.w.org\/{rel}","templated":true}]}}